{"id":29188,"date":"2022-05-02T17:00:02","date_gmt":"2022-05-02T15:00:02","guid":{"rendered":"https:\/\/dev.throwusback.com\/?post_type=product&#038;p=29188"},"modified":"2024-08-24T08:20:42","modified_gmt":"2024-08-24T06:20:42","slug":"fresno-state-bulldogs-vintage-jacket-l","status":"publish","type":"product","link":"https:\/\/dev.throwusback.com\/en\/termek\/fresno-state-bulldogs-vintage-jacket-l\/","title":{"rendered":"Fresno State Bulldogs Vintage Jacket L"},"content":{"rendered":"","protected":false},"excerpt":{"rendered":"<p>8\/10 good used condition \u2013 8\/10 j\u00f3 haszn\u00e1lt \u00e1llapotban<\/p>\n","protected":false},"featured_media":39217,"template":"","meta":[],"product_cat":[67,97,59,93,64],"product_tag":[],"class_list":{"0":"post-29188","1":"product","2":"type-product","3":"status-publish","4":"has-post-thumbnail","6":"product_cat-dzsekik","7":"product_cat-large","8":"product_cat-markak","9":"product_cat-ncaa","10":"product_cat-vintage","12":"first","13":"instock","14":"taxable","15":"shipping-taxable","16":"purchasable","17":"product-type-simple"},"_links":{"self":[{"href":"https:\/\/dev.throwusback.com\/en\/wp-json\/wp\/v2\/product\/29188","targetHints":{"allow":["GET"]}}],"collection":[{"href":"https:\/\/dev.throwusback.com\/en\/wp-json\/wp\/v2\/product"}],"about":[{"href":"https:\/\/dev.throwusback.com\/en\/wp-json\/wp\/v2\/types\/product"}],"wp:featuredmedia":[{"embeddable":true,"href":"https:\/\/dev.throwusback.com\/en\/wp-json\/wp\/v2\/media\/39217"}],"wp:attachment":[{"href":"https:\/\/dev.throwusback.com\/en\/wp-json\/wp\/v2\/media?parent=29188"}],"wp:term":[{"taxonomy":"product_cat","embeddable":true,"href":"https:\/\/dev.throwusback.com\/en\/wp-json\/wp\/v2\/product_cat?post=29188"},{"taxonomy":"product_tag","embeddable":true,"href":"https:\/\/dev.throwusback.com\/en\/wp-json\/wp\/v2\/product_tag?post=29188"}],"curies":[{"name":"wp","href":"https:\/\/api.w.org\/{rel}","templated":true}]}}