{"id":29194,"date":"2022-05-02T17:00:16","date_gmt":"2022-05-02T15:00:16","guid":{"rendered":"https:\/\/dev.throwusback.com\/?post_type=product&#038;p=29194"},"modified":"2024-08-24T08:20:43","modified_gmt":"2024-08-24T06:20:43","slug":"pittsburgh-penguins-reebok-nhl-t-shirt-s","status":"publish","type":"product","link":"https:\/\/dev.throwusback.com\/en\/termek\/pittsburgh-penguins-reebok-nhl-t-shirt-s\/","title":{"rendered":"Pittsburgh Penguins Reebok NHL T Shirt S"},"content":{"rendered":"","protected":false},"excerpt":{"rendered":"<div class=\"product-desc\">\n<p>9\/10 flawless used condition \u2013 9\/10 hib\u00e1tlan haszn\u00e1lt \u00e1llapotban<\/p>\n<\/div>\n<div class=\"actions\">\n<p class=\"add_to_cart_inline\">\n<\/div>\n","protected":false},"featured_media":39220,"template":"","meta":[],"product_cat":[89,146,99,138,64],"product_tag":[98],"class_list":{"0":"post-29194","1":"product","2":"type-product","3":"status-publish","4":"has-post-thumbnail","6":"product_cat-nhl","7":"product_cat-polok","8":"product_cat-reebok","9":"product_cat-small","10":"product_cat-vintage","11":"product_tag-warehouse","13":"first","14":"instock","15":"taxable","16":"shipping-taxable","17":"purchasable","18":"product-type-simple"},"_links":{"self":[{"href":"https:\/\/dev.throwusback.com\/en\/wp-json\/wp\/v2\/product\/29194","targetHints":{"allow":["GET"]}}],"collection":[{"href":"https:\/\/dev.throwusback.com\/en\/wp-json\/wp\/v2\/product"}],"about":[{"href":"https:\/\/dev.throwusback.com\/en\/wp-json\/wp\/v2\/types\/product"}],"wp:featuredmedia":[{"embeddable":true,"href":"https:\/\/dev.throwusback.com\/en\/wp-json\/wp\/v2\/media\/39220"}],"wp:attachment":[{"href":"https:\/\/dev.throwusback.com\/en\/wp-json\/wp\/v2\/media?parent=29194"}],"wp:term":[{"taxonomy":"product_cat","embeddable":true,"href":"https:\/\/dev.throwusback.com\/en\/wp-json\/wp\/v2\/product_cat?post=29194"},{"taxonomy":"product_tag","embeddable":true,"href":"https:\/\/dev.throwusback.com\/en\/wp-json\/wp\/v2\/product_tag?post=29194"}],"curies":[{"name":"wp","href":"https:\/\/api.w.org\/{rel}","templated":true}]}}