{"id":30581,"date":"2022-06-20T17:00:09","date_gmt":"2022-06-20T15:00:09","guid":{"rendered":"https:\/\/dev.throwusback.com\/?post_type=product&#038;p=30581"},"modified":"2024-08-24T08:21:14","modified_gmt":"2024-08-24T06:21:14","slug":"ottawa-senators-vintage-koho-nhl-jersey-l","status":"publish","type":"product","link":"https:\/\/dev.throwusback.com\/en\/termek\/ottawa-senators-vintage-koho-nhl-jersey-l\/","title":{"rendered":"Ottawa Senators Vintage KOHO NHL Jersey L"},"content":{"rendered":"","protected":false},"excerpt":{"rendered":"<p>8\/10 good used condition \u2013 8\/10 j\u00f3 haszn\u00e1lt \u00e1llapotban<\/p>\n","protected":false},"featured_media":39357,"template":"","meta":[],"product_cat":[131,97,63,89,64],"product_tag":[],"class_list":{"0":"post-30581","1":"product","2":"type-product","3":"status-publish","4":"has-post-thumbnail","6":"product_cat-ccm","7":"product_cat-large","8":"product_cat-mezek","9":"product_cat-nhl","10":"product_cat-vintage","12":"first","13":"outofstock","14":"taxable","15":"shipping-taxable","16":"purchasable","17":"product-type-simple"},"_links":{"self":[{"href":"https:\/\/dev.throwusback.com\/en\/wp-json\/wp\/v2\/product\/30581","targetHints":{"allow":["GET"]}}],"collection":[{"href":"https:\/\/dev.throwusback.com\/en\/wp-json\/wp\/v2\/product"}],"about":[{"href":"https:\/\/dev.throwusback.com\/en\/wp-json\/wp\/v2\/types\/product"}],"wp:featuredmedia":[{"embeddable":true,"href":"https:\/\/dev.throwusback.com\/en\/wp-json\/wp\/v2\/media\/39357"}],"wp:attachment":[{"href":"https:\/\/dev.throwusback.com\/en\/wp-json\/wp\/v2\/media?parent=30581"}],"wp:term":[{"taxonomy":"product_cat","embeddable":true,"href":"https:\/\/dev.throwusback.com\/en\/wp-json\/wp\/v2\/product_cat?post=30581"},{"taxonomy":"product_tag","embeddable":true,"href":"https:\/\/dev.throwusback.com\/en\/wp-json\/wp\/v2\/product_tag?post=30581"}],"curies":[{"name":"wp","href":"https:\/\/api.w.org\/{rel}","templated":true}]}}