{"id":31026,"date":"2022-07-18T17:00:06","date_gmt":"2022-07-18T15:00:06","guid":{"rendered":"https:\/\/dev.throwusback.com\/?post_type=product&#038;p=31026"},"modified":"2024-08-24T08:21:19","modified_gmt":"2024-08-24T06:21:19","slug":"maryland-terrapins-russell-athletic-ncaa-jersey-l","status":"publish","type":"product","link":"https:\/\/dev.throwusback.com\/en\/termek\/maryland-terrapins-russell-athletic-ncaa-jersey-l\/","title":{"rendered":"Maryland Terrapins Russell Athletic NCAA Jersey L"},"content":{"rendered":"","protected":false},"excerpt":{"rendered":"<p>8\/10 good used condition \u2013 8\/10 j\u00f3 haszn\u00e1lt \u00e1llapotban<\/p>\n","protected":false},"featured_media":39385,"template":"","meta":[],"product_cat":[97,63,93,154,64],"product_tag":[],"class_list":{"0":"post-31026","1":"product","2":"type-product","3":"status-publish","4":"has-post-thumbnail","6":"product_cat-large","7":"product_cat-mezek","8":"product_cat-ncaa","9":"product_cat-russel-athletic","10":"product_cat-vintage","12":"first","13":"instock","14":"taxable","15":"shipping-taxable","16":"purchasable","17":"product-type-simple"},"_links":{"self":[{"href":"https:\/\/dev.throwusback.com\/en\/wp-json\/wp\/v2\/product\/31026","targetHints":{"allow":["GET"]}}],"collection":[{"href":"https:\/\/dev.throwusback.com\/en\/wp-json\/wp\/v2\/product"}],"about":[{"href":"https:\/\/dev.throwusback.com\/en\/wp-json\/wp\/v2\/types\/product"}],"wp:featuredmedia":[{"embeddable":true,"href":"https:\/\/dev.throwusback.com\/en\/wp-json\/wp\/v2\/media\/39385"}],"wp:attachment":[{"href":"https:\/\/dev.throwusback.com\/en\/wp-json\/wp\/v2\/media?parent=31026"}],"wp:term":[{"taxonomy":"product_cat","embeddable":true,"href":"https:\/\/dev.throwusback.com\/en\/wp-json\/wp\/v2\/product_cat?post=31026"},{"taxonomy":"product_tag","embeddable":true,"href":"https:\/\/dev.throwusback.com\/en\/wp-json\/wp\/v2\/product_tag?post=31026"}],"curies":[{"name":"wp","href":"https:\/\/api.w.org\/{rel}","templated":true}]}}