{"id":33863,"date":"2022-11-21T18:00:04","date_gmt":"2022-11-21T17:00:04","guid":{"rendered":"https:\/\/dev.throwusback.com\/?post_type=product&#038;p=33863"},"modified":"2024-08-24T08:21:45","modified_gmt":"2024-08-24T06:21:45","slug":"los-angeles-lakers-nick-van-exel-vintage-champion-nba-jersey-m","status":"publish","type":"product","link":"https:\/\/dev.throwusback.com\/en\/termek\/los-angeles-lakers-nick-van-exel-vintage-champion-nba-jersey-m\/","title":{"rendered":"Los Angeles Lakers Nick Van Exel Vintage Champion NBA Jersey M"},"content":{"rendered":"","protected":false},"excerpt":{"rendered":"<p>10\/10 like new condition &#8211; 10\/10 kiv\u00e1l\u00f3, \u00fajszer\u0171 \u00e1llapotban<\/p>\n","protected":false},"featured_media":39539,"template":"","meta":[],"product_cat":[60,115,102,63,64],"product_tag":[],"class_list":{"0":"post-33863","1":"product","2":"type-product","3":"status-publish","4":"has-post-thumbnail","6":"product_cat-champion","7":"product_cat-los-angeles-lakers","8":"product_cat-medium","9":"product_cat-mezek","10":"product_cat-vintage","12":"first","13":"instock","14":"taxable","15":"shipping-taxable","16":"purchasable","17":"product-type-simple"},"_links":{"self":[{"href":"https:\/\/dev.throwusback.com\/en\/wp-json\/wp\/v2\/product\/33863","targetHints":{"allow":["GET"]}}],"collection":[{"href":"https:\/\/dev.throwusback.com\/en\/wp-json\/wp\/v2\/product"}],"about":[{"href":"https:\/\/dev.throwusback.com\/en\/wp-json\/wp\/v2\/types\/product"}],"wp:featuredmedia":[{"embeddable":true,"href":"https:\/\/dev.throwusback.com\/en\/wp-json\/wp\/v2\/media\/39539"}],"wp:attachment":[{"href":"https:\/\/dev.throwusback.com\/en\/wp-json\/wp\/v2\/media?parent=33863"}],"wp:term":[{"taxonomy":"product_cat","embeddable":true,"href":"https:\/\/dev.throwusback.com\/en\/wp-json\/wp\/v2\/product_cat?post=33863"},{"taxonomy":"product_tag","embeddable":true,"href":"https:\/\/dev.throwusback.com\/en\/wp-json\/wp\/v2\/product_tag?post=33863"}],"curies":[{"name":"wp","href":"https:\/\/api.w.org\/{rel}","templated":true}]}}