{"id":34103,"date":"2022-11-28T18:00:13","date_gmt":"2022-11-28T17:00:13","guid":{"rendered":"https:\/\/dev.throwusback.com\/?post_type=product&#038;p=34103"},"modified":"2024-08-24T08:21:48","modified_gmt":"2024-08-24T06:21:48","slug":"oakland-raiders-blk-nfl-hoodie-s-m","status":"publish","type":"product","link":"https:\/\/dev.throwusback.com\/en\/termek\/oakland-raiders-blk-nfl-hoodie-s-m\/","title":{"rendered":"Oakland Raiders blk NFL Hoodie S-M"},"content":{"rendered":"","protected":false},"excerpt":{"rendered":"<p>8\/10 good used condition \u2013 8\/10 j\u00f3 haszn\u00e1lt \u00e1llapotban<\/p>\n","protected":false},"featured_media":39559,"template":"","meta":[],"product_cat":[147,102,88,73,138,64],"product_tag":[98],"class_list":{"0":"post-34103","1":"product","2":"type-product","3":"status-publish","4":"has-post-thumbnail","6":"product_cat-majestic","7":"product_cat-medium","8":"product_cat-nfl","9":"product_cat-puloverek","10":"product_cat-small","11":"product_cat-vintage","12":"product_tag-warehouse","14":"first","15":"instock","16":"taxable","17":"shipping-taxable","18":"purchasable","19":"product-type-simple"},"_links":{"self":[{"href":"https:\/\/dev.throwusback.com\/en\/wp-json\/wp\/v2\/product\/34103","targetHints":{"allow":["GET"]}}],"collection":[{"href":"https:\/\/dev.throwusback.com\/en\/wp-json\/wp\/v2\/product"}],"about":[{"href":"https:\/\/dev.throwusback.com\/en\/wp-json\/wp\/v2\/types\/product"}],"wp:featuredmedia":[{"embeddable":true,"href":"https:\/\/dev.throwusback.com\/en\/wp-json\/wp\/v2\/media\/39559"}],"wp:attachment":[{"href":"https:\/\/dev.throwusback.com\/en\/wp-json\/wp\/v2\/media?parent=34103"}],"wp:term":[{"taxonomy":"product_cat","embeddable":true,"href":"https:\/\/dev.throwusback.com\/en\/wp-json\/wp\/v2\/product_cat?post=34103"},{"taxonomy":"product_tag","embeddable":true,"href":"https:\/\/dev.throwusback.com\/en\/wp-json\/wp\/v2\/product_tag?post=34103"}],"curies":[{"name":"wp","href":"https:\/\/api.w.org\/{rel}","templated":true}]}}