{"id":34557,"date":"2022-12-26T18:15:34","date_gmt":"2022-12-26T17:15:34","guid":{"rendered":"https:\/\/dev.throwusback.com\/?post_type=product&#038;p=34557"},"modified":"2024-08-24T08:21:57","modified_gmt":"2024-08-24T06:21:57","slug":"detroit-red-wings-vintage-nhl-crewneck-l-wht","status":"publish","type":"product","link":"https:\/\/dev.throwusback.com\/en\/termek\/detroit-red-wings-vintage-nhl-crewneck-l-wht\/","title":{"rendered":"Detroit Red Wings Vintage NHL Crewneck L wht"},"content":{"rendered":"","protected":false},"excerpt":{"rendered":"<p>8\/10 good used condition \u2013 8\/10 j\u00f3 haszn\u00e1lt \u00e1llapotban<\/p>\n","protected":false},"featured_media":39599,"template":"","meta":[],"product_cat":[97,102,89,161,73,64],"product_tag":[98],"class_list":{"0":"post-34557","1":"product","2":"type-product","3":"status-publish","4":"has-post-thumbnail","6":"product_cat-large","7":"product_cat-medium","8":"product_cat-nhl","9":"product_cat-nutmeg","10":"product_cat-puloverek","11":"product_cat-vintage","12":"product_tag-warehouse","14":"first","15":"instock","16":"taxable","17":"shipping-taxable","18":"purchasable","19":"product-type-simple"},"_links":{"self":[{"href":"https:\/\/dev.throwusback.com\/en\/wp-json\/wp\/v2\/product\/34557","targetHints":{"allow":["GET"]}}],"collection":[{"href":"https:\/\/dev.throwusback.com\/en\/wp-json\/wp\/v2\/product"}],"about":[{"href":"https:\/\/dev.throwusback.com\/en\/wp-json\/wp\/v2\/types\/product"}],"wp:featuredmedia":[{"embeddable":true,"href":"https:\/\/dev.throwusback.com\/en\/wp-json\/wp\/v2\/media\/39599"}],"wp:attachment":[{"href":"https:\/\/dev.throwusback.com\/en\/wp-json\/wp\/v2\/media?parent=34557"}],"wp:term":[{"taxonomy":"product_cat","embeddable":true,"href":"https:\/\/dev.throwusback.com\/en\/wp-json\/wp\/v2\/product_cat?post=34557"},{"taxonomy":"product_tag","embeddable":true,"href":"https:\/\/dev.throwusback.com\/en\/wp-json\/wp\/v2\/product_tag?post=34557"}],"curies":[{"name":"wp","href":"https:\/\/api.w.org\/{rel}","templated":true}]}}