{"id":37502,"date":"2023-06-05T17:00:03","date_gmt":"2023-06-05T15:00:03","guid":{"rendered":"https:\/\/dev.throwusback.com\/?post_type=product&#038;p=37502"},"modified":"2024-08-24T08:23:10","modified_gmt":"2024-08-24T06:23:10","slug":"houston-rockets-vintage-logo-athletic-nba-jacket-m","status":"publish","type":"product","link":"https:\/\/dev.throwusback.com\/en\/termek\/houston-rockets-vintage-logo-athletic-nba-jacket-m\/","title":{"rendered":"Houston Rockets Vintage Logo Athletic NBA Jacket M"},"content":{"rendered":"","protected":false},"excerpt":{"rendered":"<p>9\/10 flawless used condition \u2013 9\/10 hib\u00e1tlan haszn\u00e1lt \u00e1llapotban<\/p>\n","protected":false},"featured_media":39858,"template":"","meta":[],"product_cat":[67,81,157,102,64],"product_tag":[142],"class_list":{"0":"post-37502","1":"product","2":"type-product","3":"status-publish","4":"has-post-thumbnail","6":"product_cat-dzsekik","7":"product_cat-houston-rockets","8":"product_cat-logo-athletic","9":"product_cat-medium","10":"product_cat-vintage","11":"product_tag-rumbach","13":"first","14":"instock","15":"taxable","16":"shipping-taxable","17":"purchasable","18":"product-type-simple"},"_links":{"self":[{"href":"https:\/\/dev.throwusback.com\/en\/wp-json\/wp\/v2\/product\/37502","targetHints":{"allow":["GET"]}}],"collection":[{"href":"https:\/\/dev.throwusback.com\/en\/wp-json\/wp\/v2\/product"}],"about":[{"href":"https:\/\/dev.throwusback.com\/en\/wp-json\/wp\/v2\/types\/product"}],"wp:featuredmedia":[{"embeddable":true,"href":"https:\/\/dev.throwusback.com\/en\/wp-json\/wp\/v2\/media\/39858"}],"wp:attachment":[{"href":"https:\/\/dev.throwusback.com\/en\/wp-json\/wp\/v2\/media?parent=37502"}],"wp:term":[{"taxonomy":"product_cat","embeddable":true,"href":"https:\/\/dev.throwusback.com\/en\/wp-json\/wp\/v2\/product_cat?post=37502"},{"taxonomy":"product_tag","embeddable":true,"href":"https:\/\/dev.throwusback.com\/en\/wp-json\/wp\/v2\/product_tag?post=37502"}],"curies":[{"name":"wp","href":"https:\/\/api.w.org\/{rel}","templated":true}]}}