{"id":37505,"date":"2023-06-05T17:00:05","date_gmt":"2023-06-05T15:00:05","guid":{"rendered":"https:\/\/dev.throwusback.com\/?post_type=product&#038;p=37505"},"modified":"2024-08-24T08:23:11","modified_gmt":"2024-08-24T06:23:11","slug":"monster-of-the-ice-vintage-1996-nhl-t-shirt-m","status":"publish","type":"product","link":"https:\/\/dev.throwusback.com\/en\/termek\/monster-of-the-ice-vintage-1996-nhl-t-shirt-m\/","title":{"rendered":"Monster Of the Ice Vintage 1996 NHL T Shirt M"},"content":{"rendered":"","protected":false},"excerpt":{"rendered":"<p>8\/10 good used condition \u2013 8\/10 j\u00f3 haszn\u00e1lt \u00e1llapotban<\/p>\n","protected":false},"featured_media":39861,"template":"","meta":[],"product_cat":[102,89,146,170,64],"product_tag":[98],"class_list":{"0":"post-37505","1":"product","2":"type-product","3":"status-publish","4":"has-post-thumbnail","6":"product_cat-medium","7":"product_cat-nhl","8":"product_cat-polok","9":"product_cat-salem-sportswear","10":"product_cat-vintage","11":"product_tag-warehouse","13":"first","14":"instock","15":"taxable","16":"shipping-taxable","17":"purchasable","18":"product-type-simple"},"_links":{"self":[{"href":"https:\/\/dev.throwusback.com\/en\/wp-json\/wp\/v2\/product\/37505","targetHints":{"allow":["GET"]}}],"collection":[{"href":"https:\/\/dev.throwusback.com\/en\/wp-json\/wp\/v2\/product"}],"about":[{"href":"https:\/\/dev.throwusback.com\/en\/wp-json\/wp\/v2\/types\/product"}],"wp:featuredmedia":[{"embeddable":true,"href":"https:\/\/dev.throwusback.com\/en\/wp-json\/wp\/v2\/media\/39861"}],"wp:attachment":[{"href":"https:\/\/dev.throwusback.com\/en\/wp-json\/wp\/v2\/media?parent=37505"}],"wp:term":[{"taxonomy":"product_cat","embeddable":true,"href":"https:\/\/dev.throwusback.com\/en\/wp-json\/wp\/v2\/product_cat?post=37505"},{"taxonomy":"product_tag","embeddable":true,"href":"https:\/\/dev.throwusback.com\/en\/wp-json\/wp\/v2\/product_tag?post=37505"}],"curies":[{"name":"wp","href":"https:\/\/api.w.org\/{rel}","templated":true}]}}