{"id":37733,"date":"2023-06-12T17:00:22","date_gmt":"2023-06-12T15:00:22","guid":{"rendered":"https:\/\/dev.throwusback.com\/?post_type=product&#038;p=37733"},"modified":"2024-08-24T08:23:17","modified_gmt":"2024-08-24T06:23:17","slug":"chicago-bears-reebok-nfl-zip-jacket-l","status":"publish","type":"product","link":"https:\/\/dev.throwusback.com\/en\/termek\/chicago-bears-reebok-nfl-zip-jacket-l\/","title":{"rendered":"Chicago Bears Reebok NFL Zip Jacket L"},"content":{"rendered":"","protected":false},"excerpt":{"rendered":"<p>8\/10 good used condition \u2013 8\/10 j\u00f3 haszn\u00e1lt \u00e1llapotban<\/p>\n","protected":false},"featured_media":39887,"template":"","meta":[],"product_cat":[67,97,88,99,64],"product_tag":[142],"class_list":{"0":"post-37733","1":"product","2":"type-product","3":"status-publish","4":"has-post-thumbnail","6":"product_cat-dzsekik","7":"product_cat-large","8":"product_cat-nfl","9":"product_cat-reebok","10":"product_cat-vintage","11":"product_tag-rumbach","13":"first","14":"instock","15":"sale","16":"taxable","17":"shipping-taxable","18":"purchasable","19":"product-type-simple"},"_links":{"self":[{"href":"https:\/\/dev.throwusback.com\/en\/wp-json\/wp\/v2\/product\/37733","targetHints":{"allow":["GET"]}}],"collection":[{"href":"https:\/\/dev.throwusback.com\/en\/wp-json\/wp\/v2\/product"}],"about":[{"href":"https:\/\/dev.throwusback.com\/en\/wp-json\/wp\/v2\/types\/product"}],"wp:featuredmedia":[{"embeddable":true,"href":"https:\/\/dev.throwusback.com\/en\/wp-json\/wp\/v2\/media\/39887"}],"wp:attachment":[{"href":"https:\/\/dev.throwusback.com\/en\/wp-json\/wp\/v2\/media?parent=37733"}],"wp:term":[{"taxonomy":"product_cat","embeddable":true,"href":"https:\/\/dev.throwusback.com\/en\/wp-json\/wp\/v2\/product_cat?post=37733"},{"taxonomy":"product_tag","embeddable":true,"href":"https:\/\/dev.throwusback.com\/en\/wp-json\/wp\/v2\/product_tag?post=37733"}],"curies":[{"name":"wp","href":"https:\/\/api.w.org\/{rel}","templated":true}]}}