{"id":38448,"date":"2023-07-24T17:00:51","date_gmt":"2023-07-24T15:00:51","guid":{"rendered":"https:\/\/dev.throwusback.com\/?post_type=product&#038;p=38448"},"modified":"2024-08-24T08:23:29","modified_gmt":"2024-08-24T06:23:29","slug":"new-york-knicks-patrick-ewing-champion-nba-vintage-jersey-xl","status":"publish","type":"product","link":"https:\/\/dev.throwusback.com\/en\/termek\/new-york-knicks-patrick-ewing-champion-nba-vintage-jersey-xl\/","title":{"rendered":"New York Knicks Patrick Ewing Champion NBA Vintage Jersey XL"},"content":{"rendered":"","protected":false},"excerpt":{"rendered":"<div>\n<p>9\/10 flawless used condition \u2013 9\/10 hib\u00e1tlan haszn\u00e1lt \u00e1llapotban<\/p>\n<\/div>\n","protected":false},"featured_media":39950,"template":"","meta":[],"product_cat":[60,63,61,116,64,66],"product_tag":[142],"class_list":{"0":"post-38448","1":"product","2":"type-product","3":"status-publish","4":"has-post-thumbnail","6":"product_cat-champion","7":"product_cat-mezek","8":"product_cat-nba","9":"product_cat-new-york-knicks","10":"product_cat-vintage","11":"product_cat-x-large","12":"product_tag-rumbach","14":"first","15":"instock","16":"taxable","17":"shipping-taxable","18":"purchasable","19":"product-type-simple"},"_links":{"self":[{"href":"https:\/\/dev.throwusback.com\/en\/wp-json\/wp\/v2\/product\/38448","targetHints":{"allow":["GET"]}}],"collection":[{"href":"https:\/\/dev.throwusback.com\/en\/wp-json\/wp\/v2\/product"}],"about":[{"href":"https:\/\/dev.throwusback.com\/en\/wp-json\/wp\/v2\/types\/product"}],"wp:featuredmedia":[{"embeddable":true,"href":"https:\/\/dev.throwusback.com\/en\/wp-json\/wp\/v2\/media\/39950"}],"wp:attachment":[{"href":"https:\/\/dev.throwusback.com\/en\/wp-json\/wp\/v2\/media?parent=38448"}],"wp:term":[{"taxonomy":"product_cat","embeddable":true,"href":"https:\/\/dev.throwusback.com\/en\/wp-json\/wp\/v2\/product_cat?post=38448"},{"taxonomy":"product_tag","embeddable":true,"href":"https:\/\/dev.throwusback.com\/en\/wp-json\/wp\/v2\/product_tag?post=38448"}],"curies":[{"name":"wp","href":"https:\/\/api.w.org\/{rel}","templated":true}]}}