{"id":40007,"date":"2023-08-14T17:00:18","date_gmt":"2023-08-14T15:00:18","guid":{"rendered":"https:\/\/dev.throwusback.com\/?post_type=product&#038;p=40007"},"modified":"2024-08-24T08:23:38","modified_gmt":"2024-08-24T06:23:38","slug":"toronto-raptors-vince-carter-champion-nba-vintage-jersey-l","status":"publish","type":"product","link":"https:\/\/dev.throwusback.com\/en\/termek\/toronto-raptors-vince-carter-champion-nba-vintage-jersey-l\/","title":{"rendered":"Toronto Raptors Vince Carter Champion NBA Vintage Jersey L"},"content":{"rendered":"","protected":false},"excerpt":{"rendered":"<p>8\/10 good used condition \u2013 8\/10 j\u00f3 haszn\u00e1lt \u00e1llapotban<\/p>\n","protected":false},"featured_media":40008,"template":"","meta":[],"product_cat":[60,97,63,61,103,64],"product_tag":[142],"class_list":{"0":"post-40007","1":"product","2":"type-product","3":"status-publish","4":"has-post-thumbnail","6":"product_cat-champion","7":"product_cat-large","8":"product_cat-mezek","9":"product_cat-nba","10":"product_cat-toronto-raptors","11":"product_cat-vintage","12":"product_tag-rumbach","14":"first","15":"outofstock","16":"taxable","17":"shipping-taxable","18":"purchasable","19":"product-type-simple"},"_links":{"self":[{"href":"https:\/\/dev.throwusback.com\/en\/wp-json\/wp\/v2\/product\/40007","targetHints":{"allow":["GET"]}}],"collection":[{"href":"https:\/\/dev.throwusback.com\/en\/wp-json\/wp\/v2\/product"}],"about":[{"href":"https:\/\/dev.throwusback.com\/en\/wp-json\/wp\/v2\/types\/product"}],"wp:featuredmedia":[{"embeddable":true,"href":"https:\/\/dev.throwusback.com\/en\/wp-json\/wp\/v2\/media\/40008"}],"wp:attachment":[{"href":"https:\/\/dev.throwusback.com\/en\/wp-json\/wp\/v2\/media?parent=40007"}],"wp:term":[{"taxonomy":"product_cat","embeddable":true,"href":"https:\/\/dev.throwusback.com\/en\/wp-json\/wp\/v2\/product_cat?post=40007"},{"taxonomy":"product_tag","embeddable":true,"href":"https:\/\/dev.throwusback.com\/en\/wp-json\/wp\/v2\/product_tag?post=40007"}],"curies":[{"name":"wp","href":"https:\/\/api.w.org\/{rel}","templated":true}]}}