{"id":40019,"date":"2023-08-14T17:00:30","date_gmt":"2023-08-14T15:00:30","guid":{"rendered":"https:\/\/dev.throwusback.com\/?post_type=product&#038;p=40019"},"modified":"2024-08-24T08:23:39","modified_gmt":"2024-08-24T06:23:39","slug":"new-york-marathon-vintage-jacket-l","status":"publish","type":"product","link":"https:\/\/dev.throwusback.com\/en\/termek\/new-york-marathon-vintage-jacket-l\/","title":{"rendered":"New York City Marathon Vintage Windbreaker Jacket L"},"content":{"rendered":"","protected":false},"excerpt":{"rendered":"<p>9\/10 flawless used condition \u2013 9\/10 hib\u00e1tlan haszn\u00e1lt \u00e1llapotban<\/p>\n","protected":false},"featured_media":40020,"template":"","meta":[],"product_cat":[67,97,158,64],"product_tag":[142],"class_list":{"0":"post-40019","1":"product","2":"type-product","3":"status-publish","4":"has-post-thumbnail","6":"product_cat-dzsekik","7":"product_cat-large","8":"product_cat-logo7","9":"product_cat-vintage","10":"product_tag-rumbach","12":"first","13":"instock","14":"taxable","15":"shipping-taxable","16":"purchasable","17":"product-type-simple"},"_links":{"self":[{"href":"https:\/\/dev.throwusback.com\/en\/wp-json\/wp\/v2\/product\/40019","targetHints":{"allow":["GET"]}}],"collection":[{"href":"https:\/\/dev.throwusback.com\/en\/wp-json\/wp\/v2\/product"}],"about":[{"href":"https:\/\/dev.throwusback.com\/en\/wp-json\/wp\/v2\/types\/product"}],"wp:featuredmedia":[{"embeddable":true,"href":"https:\/\/dev.throwusback.com\/en\/wp-json\/wp\/v2\/media\/40020"}],"wp:attachment":[{"href":"https:\/\/dev.throwusback.com\/en\/wp-json\/wp\/v2\/media?parent=40019"}],"wp:term":[{"taxonomy":"product_cat","embeddable":true,"href":"https:\/\/dev.throwusback.com\/en\/wp-json\/wp\/v2\/product_cat?post=40019"},{"taxonomy":"product_tag","embeddable":true,"href":"https:\/\/dev.throwusback.com\/en\/wp-json\/wp\/v2\/product_tag?post=40019"}],"curies":[{"name":"wp","href":"https:\/\/api.w.org\/{rel}","templated":true}]}}