{"id":40068,"date":"2023-08-21T17:00:06","date_gmt":"2023-08-21T15:00:06","guid":{"rendered":"https:\/\/dev.throwusback.com\/?post_type=product&#038;p=40068"},"modified":"2024-08-24T08:23:45","modified_gmt":"2024-08-24T06:23:45","slug":"denver-broncos-nfl-jacket-m","status":"publish","type":"product","link":"https:\/\/dev.throwusback.com\/en\/termek\/denver-broncos-nfl-jacket-m\/","title":{"rendered":"Denver Broncos NFL Cotton Jacket M"},"content":{"rendered":"","protected":false},"excerpt":{"rendered":"<p>8\/10 good used condition \u2013 8\/10 j\u00f3 haszn\u00e1lt \u00e1llapotban<\/p>\n","protected":false},"featured_media":40069,"template":"","meta":[],"product_cat":[67,102,88,99],"product_tag":[98],"class_list":{"0":"post-40068","1":"product","2":"type-product","3":"status-publish","4":"has-post-thumbnail","6":"product_cat-dzsekik","7":"product_cat-medium","8":"product_cat-nfl","9":"product_cat-reebok","10":"product_tag-warehouse","12":"first","13":"instock","14":"taxable","15":"shipping-taxable","16":"purchasable","17":"product-type-simple"},"_links":{"self":[{"href":"https:\/\/dev.throwusback.com\/en\/wp-json\/wp\/v2\/product\/40068","targetHints":{"allow":["GET"]}}],"collection":[{"href":"https:\/\/dev.throwusback.com\/en\/wp-json\/wp\/v2\/product"}],"about":[{"href":"https:\/\/dev.throwusback.com\/en\/wp-json\/wp\/v2\/types\/product"}],"wp:featuredmedia":[{"embeddable":true,"href":"https:\/\/dev.throwusback.com\/en\/wp-json\/wp\/v2\/media\/40069"}],"wp:attachment":[{"href":"https:\/\/dev.throwusback.com\/en\/wp-json\/wp\/v2\/media?parent=40068"}],"wp:term":[{"taxonomy":"product_cat","embeddable":true,"href":"https:\/\/dev.throwusback.com\/en\/wp-json\/wp\/v2\/product_cat?post=40068"},{"taxonomy":"product_tag","embeddable":true,"href":"https:\/\/dev.throwusback.com\/en\/wp-json\/wp\/v2\/product_tag?post=40068"}],"curies":[{"name":"wp","href":"https:\/\/api.w.org\/{rel}","templated":true}]}}