{"id":40172,"date":"2023-09-18T17:00:47","date_gmt":"2023-09-18T15:00:47","guid":{"rendered":"https:\/\/dev.throwusback.com\/?post_type=product&#038;p=40172"},"modified":"2024-08-24T08:24:00","modified_gmt":"2024-08-24T06:24:00","slug":"north-carolina-ncaa-hoodie-l-blk","status":"publish","type":"product","link":"https:\/\/dev.throwusback.com\/en\/termek\/north-carolina-ncaa-hoodie-l-blk\/","title":{"rendered":"North Carolina Tar Heels NCAA Hoodie L gry"},"content":{"rendered":"","protected":false},"excerpt":{"rendered":"<p>8\/10 good used condition \u2013 8\/10 j\u00f3 haszn\u00e1lt \u00e1llapotban<\/p>\n","protected":false},"featured_media":40173,"template":"","meta":[],"product_cat":[97,166,93,73],"product_tag":[],"class_list":{"0":"post-40172","1":"product","2":"type-product","3":"status-publish","4":"has-post-thumbnail","6":"product_cat-large","7":"product_cat-lee-sport","8":"product_cat-ncaa","9":"product_cat-puloverek","11":"first","12":"instock","13":"taxable","14":"shipping-taxable","15":"purchasable","16":"product-type-simple"},"_links":{"self":[{"href":"https:\/\/dev.throwusback.com\/en\/wp-json\/wp\/v2\/product\/40172","targetHints":{"allow":["GET"]}}],"collection":[{"href":"https:\/\/dev.throwusback.com\/en\/wp-json\/wp\/v2\/product"}],"about":[{"href":"https:\/\/dev.throwusback.com\/en\/wp-json\/wp\/v2\/types\/product"}],"wp:featuredmedia":[{"embeddable":true,"href":"https:\/\/dev.throwusback.com\/en\/wp-json\/wp\/v2\/media\/40173"}],"wp:attachment":[{"href":"https:\/\/dev.throwusback.com\/en\/wp-json\/wp\/v2\/media?parent=40172"}],"wp:term":[{"taxonomy":"product_cat","embeddable":true,"href":"https:\/\/dev.throwusback.com\/en\/wp-json\/wp\/v2\/product_cat?post=40172"},{"taxonomy":"product_tag","embeddable":true,"href":"https:\/\/dev.throwusback.com\/en\/wp-json\/wp\/v2\/product_tag?post=40172"}],"curies":[{"name":"wp","href":"https:\/\/api.w.org\/{rel}","templated":true}]}}