{"id":40181,"date":"2023-09-25T17:00:30","date_gmt":"2023-09-25T15:00:30","guid":{"rendered":"https:\/\/dev.throwusback.com\/?post_type=product&#038;p=40181"},"modified":"2024-08-24T08:24:01","modified_gmt":"2024-08-24T06:24:01","slug":"dallas-mavericks-luka-doncic-nike-nba-jersey-blk-m","status":"publish","type":"product","link":"https:\/\/dev.throwusback.com\/en\/termek\/dallas-mavericks-luka-doncic-nike-nba-jersey-blk-m\/","title":{"rendered":"Dallas Mavericks Luka Doncic Nike NBA Jersey blk L"},"content":{"rendered":"","protected":false},"excerpt":{"rendered":"<p>new with tags \u2013 \u00faj, cimk\u00e9s term\u00e9k<\/p>\n","protected":false},"featured_media":40182,"template":"","meta":[],"product_cat":[62,102,63,61,95],"product_tag":[142],"class_list":{"0":"post-40181","1":"product","2":"type-product","3":"status-publish","4":"has-post-thumbnail","6":"product_cat-dallas-mavericks","7":"product_cat-medium","8":"product_cat-mezek","9":"product_cat-nba","10":"product_cat-nike","11":"product_tag-rumbach","13":"first","14":"outofstock","15":"taxable","16":"shipping-taxable","17":"purchasable","18":"product-type-simple"},"_links":{"self":[{"href":"https:\/\/dev.throwusback.com\/en\/wp-json\/wp\/v2\/product\/40181","targetHints":{"allow":["GET"]}}],"collection":[{"href":"https:\/\/dev.throwusback.com\/en\/wp-json\/wp\/v2\/product"}],"about":[{"href":"https:\/\/dev.throwusback.com\/en\/wp-json\/wp\/v2\/types\/product"}],"wp:featuredmedia":[{"embeddable":true,"href":"https:\/\/dev.throwusback.com\/en\/wp-json\/wp\/v2\/media\/40182"}],"wp:attachment":[{"href":"https:\/\/dev.throwusback.com\/en\/wp-json\/wp\/v2\/media?parent=40181"}],"wp:term":[{"taxonomy":"product_cat","embeddable":true,"href":"https:\/\/dev.throwusback.com\/en\/wp-json\/wp\/v2\/product_cat?post=40181"},{"taxonomy":"product_tag","embeddable":true,"href":"https:\/\/dev.throwusback.com\/en\/wp-json\/wp\/v2\/product_tag?post=40181"}],"curies":[{"name":"wp","href":"https:\/\/api.w.org\/{rel}","templated":true}]}}