{"id":40207,"date":"2023-10-02T17:00:14","date_gmt":"2023-10-02T15:00:14","guid":{"rendered":"https:\/\/dev.throwusback.com\/?post_type=product&#038;p=40207"},"modified":"2024-08-24T08:24:06","modified_gmt":"2024-08-24T06:24:06","slug":"frankfurt-galaxy-vintage-nutmeg-mills-nfl-europe-jersey-m","status":"publish","type":"product","link":"https:\/\/dev.throwusback.com\/en\/termek\/frankfurt-galaxy-vintage-nutmeg-mills-nfl-europe-jersey-m\/","title":{"rendered":"Frankfurt Galaxy Vintage Nutmeg Mills NFL Europe Jersey M"},"content":{"rendered":"","protected":false},"excerpt":{"rendered":"<p>8\/10 good used condition \u2013 8\/10 j\u00f3 haszn\u00e1lt \u00e1llapotban<\/p>\n","protected":false},"featured_media":40208,"template":"","meta":[],"product_cat":[102,63,88,161,64],"product_tag":[142],"class_list":{"0":"post-40207","1":"product","2":"type-product","3":"status-publish","4":"has-post-thumbnail","6":"product_cat-medium","7":"product_cat-mezek","8":"product_cat-nfl","9":"product_cat-nutmeg","10":"product_cat-vintage","11":"product_tag-rumbach","13":"first","14":"instock","15":"taxable","16":"shipping-taxable","17":"purchasable","18":"product-type-simple"},"_links":{"self":[{"href":"https:\/\/dev.throwusback.com\/en\/wp-json\/wp\/v2\/product\/40207","targetHints":{"allow":["GET"]}}],"collection":[{"href":"https:\/\/dev.throwusback.com\/en\/wp-json\/wp\/v2\/product"}],"about":[{"href":"https:\/\/dev.throwusback.com\/en\/wp-json\/wp\/v2\/types\/product"}],"wp:featuredmedia":[{"embeddable":true,"href":"https:\/\/dev.throwusback.com\/en\/wp-json\/wp\/v2\/media\/40208"}],"wp:attachment":[{"href":"https:\/\/dev.throwusback.com\/en\/wp-json\/wp\/v2\/media?parent=40207"}],"wp:term":[{"taxonomy":"product_cat","embeddable":true,"href":"https:\/\/dev.throwusback.com\/en\/wp-json\/wp\/v2\/product_cat?post=40207"},{"taxonomy":"product_tag","embeddable":true,"href":"https:\/\/dev.throwusback.com\/en\/wp-json\/wp\/v2\/product_tag?post=40207"}],"curies":[{"name":"wp","href":"https:\/\/api.w.org\/{rel}","templated":true}]}}