{"id":40419,"date":"2023-10-30T18:00:41","date_gmt":"2023-10-30T17:00:41","guid":{"rendered":"https:\/\/dev.throwusback.com\/?post_type=product&#038;p=40419"},"modified":"2024-08-24T08:24:21","modified_gmt":"2024-08-24T06:24:21","slug":"minnesota-gophers-vintage-ncaa-sweatshirt-xl","status":"publish","type":"product","link":"https:\/\/dev.throwusback.com\/en\/termek\/minnesota-gophers-vintage-ncaa-sweatshirt-xl\/","title":{"rendered":"Minnesota Gophers Vintage NCAA Sweatshirt XL"},"content":{"rendered":"","protected":false},"excerpt":{"rendered":"<p>8\/10 good used condition \u2013 8\/10 j\u00f3 haszn\u00e1lt \u00e1llapotban<\/p>\n","protected":false},"featured_media":40420,"template":"","meta":[],"product_cat":[93,73,64],"product_tag":[],"class_list":{"0":"post-40419","1":"product","2":"type-product","3":"status-publish","4":"has-post-thumbnail","6":"product_cat-ncaa","7":"product_cat-puloverek","8":"product_cat-vintage","10":"first","11":"instock","12":"taxable","13":"shipping-taxable","14":"purchasable","15":"product-type-simple"},"_links":{"self":[{"href":"https:\/\/dev.throwusback.com\/en\/wp-json\/wp\/v2\/product\/40419","targetHints":{"allow":["GET"]}}],"collection":[{"href":"https:\/\/dev.throwusback.com\/en\/wp-json\/wp\/v2\/product"}],"about":[{"href":"https:\/\/dev.throwusback.com\/en\/wp-json\/wp\/v2\/types\/product"}],"wp:featuredmedia":[{"embeddable":true,"href":"https:\/\/dev.throwusback.com\/en\/wp-json\/wp\/v2\/media\/40420"}],"wp:attachment":[{"href":"https:\/\/dev.throwusback.com\/en\/wp-json\/wp\/v2\/media?parent=40419"}],"wp:term":[{"taxonomy":"product_cat","embeddable":true,"href":"https:\/\/dev.throwusback.com\/en\/wp-json\/wp\/v2\/product_cat?post=40419"},{"taxonomy":"product_tag","embeddable":true,"href":"https:\/\/dev.throwusback.com\/en\/wp-json\/wp\/v2\/product_tag?post=40419"}],"curies":[{"name":"wp","href":"https:\/\/api.w.org\/{rel}","templated":true}]}}