{"id":40439,"date":"2023-10-30T18:00:33","date_gmt":"2023-10-30T17:00:33","guid":{"rendered":"https:\/\/dev.throwusback.com\/?post_type=product&#038;p=40439"},"modified":"2024-08-24T08:24:24","modified_gmt":"2024-08-24T06:24:24","slug":"san-antonio-spurs-david-robinson-vintage-champion-nba-jersey-m-blck","status":"publish","type":"product","link":"https:\/\/dev.throwusback.com\/en\/termek\/san-antonio-spurs-david-robinson-vintage-champion-nba-jersey-m-blck\/","title":{"rendered":"San Antonio Spurs David Robinson Vintage Champion NBA Jersey M blck"},"content":{"rendered":"","protected":false},"excerpt":{"rendered":"<p>8\/10 good used condition \u2013 8\/10 j\u00f3 haszn\u00e1lt \u00e1llapotban<\/p>\n","protected":false},"featured_media":40440,"template":"","meta":[],"product_cat":[60,102,63,61,121,64],"product_tag":[],"class_list":{"0":"post-40439","1":"product","2":"type-product","3":"status-publish","4":"has-post-thumbnail","6":"product_cat-champion","7":"product_cat-medium","8":"product_cat-mezek","9":"product_cat-nba","10":"product_cat-san-antonio-spurs","11":"product_cat-vintage","13":"first","14":"outofstock","15":"taxable","16":"shipping-taxable","17":"purchasable","18":"product-type-simple"},"_links":{"self":[{"href":"https:\/\/dev.throwusback.com\/en\/wp-json\/wp\/v2\/product\/40439","targetHints":{"allow":["GET"]}}],"collection":[{"href":"https:\/\/dev.throwusback.com\/en\/wp-json\/wp\/v2\/product"}],"about":[{"href":"https:\/\/dev.throwusback.com\/en\/wp-json\/wp\/v2\/types\/product"}],"wp:featuredmedia":[{"embeddable":true,"href":"https:\/\/dev.throwusback.com\/en\/wp-json\/wp\/v2\/media\/40440"}],"wp:attachment":[{"href":"https:\/\/dev.throwusback.com\/en\/wp-json\/wp\/v2\/media?parent=40439"}],"wp:term":[{"taxonomy":"product_cat","embeddable":true,"href":"https:\/\/dev.throwusback.com\/en\/wp-json\/wp\/v2\/product_cat?post=40439"},{"taxonomy":"product_tag","embeddable":true,"href":"https:\/\/dev.throwusback.com\/en\/wp-json\/wp\/v2\/product_tag?post=40439"}],"curies":[{"name":"wp","href":"https:\/\/api.w.org\/{rel}","templated":true}]}}