{"id":40752,"date":"2023-11-13T18:00:13","date_gmt":"2023-11-13T17:00:13","guid":{"rendered":"https:\/\/dev.throwusback.com\/?post_type=product&#038;p=40752"},"modified":"2024-08-24T08:24:35","modified_gmt":"2024-08-24T06:24:35","slug":"los-angeles-kings-majestic-nhl-t-shirt-m-blk","status":"publish","type":"product","link":"https:\/\/dev.throwusback.com\/en\/termek\/los-angeles-kings-majestic-nhl-t-shirt-m-blk\/","title":{"rendered":"Los Angeles Kings Majestic NHL T shirt M blk"},"content":{"rendered":"","protected":false},"excerpt":{"rendered":"<div class=\"product-desc\">\n<p>8\/10 good used condition \u2013 8\/10 j\u00f3 haszn\u00e1lt \u00e1llapotban<\/p>\n<\/div>\n<div class=\"actions\">\n<p class=\"add_to_cart_inline\">\n<\/div>\n","protected":false},"featured_media":40753,"template":"","meta":[],"product_cat":[147,102,89,146],"product_tag":[98],"class_list":{"0":"post-40752","1":"product","2":"type-product","3":"status-publish","4":"has-post-thumbnail","6":"product_cat-majestic","7":"product_cat-medium","8":"product_cat-nhl","9":"product_cat-polok","10":"product_tag-warehouse","12":"first","13":"instock","14":"taxable","15":"shipping-taxable","16":"purchasable","17":"product-type-simple"},"_links":{"self":[{"href":"https:\/\/dev.throwusback.com\/en\/wp-json\/wp\/v2\/product\/40752","targetHints":{"allow":["GET"]}}],"collection":[{"href":"https:\/\/dev.throwusback.com\/en\/wp-json\/wp\/v2\/product"}],"about":[{"href":"https:\/\/dev.throwusback.com\/en\/wp-json\/wp\/v2\/types\/product"}],"wp:featuredmedia":[{"embeddable":true,"href":"https:\/\/dev.throwusback.com\/en\/wp-json\/wp\/v2\/media\/40753"}],"wp:attachment":[{"href":"https:\/\/dev.throwusback.com\/en\/wp-json\/wp\/v2\/media?parent=40752"}],"wp:term":[{"taxonomy":"product_cat","embeddable":true,"href":"https:\/\/dev.throwusback.com\/en\/wp-json\/wp\/v2\/product_cat?post=40752"},{"taxonomy":"product_tag","embeddable":true,"href":"https:\/\/dev.throwusback.com\/en\/wp-json\/wp\/v2\/product_tag?post=40752"}],"curies":[{"name":"wp","href":"https:\/\/api.w.org\/{rel}","templated":true}]}}