{"id":41207,"date":"2023-12-06T17:38:53","date_gmt":"2023-12-06T16:38:53","guid":{"rendered":"https:\/\/dev.throwusback.com\/?post_type=product&#038;p=41207"},"modified":"2024-08-24T08:24:47","modified_gmt":"2024-08-24T06:24:47","slug":"chicago-bulls-vintage-nba-sweatshirt-xl-red","status":"publish","type":"product","link":"https:\/\/dev.throwusback.com\/en\/termek\/chicago-bulls-vintage-nba-sweatshirt-xl-red\/","title":{"rendered":"Chicago Bulls Vintage NBA Sweatshirt XL red"},"content":{"rendered":"","protected":false},"excerpt":{"rendered":"<p>8\/10 good used condition \u2013 8\/10 j\u00f3 haszn\u00e1lt \u00e1llapotban<\/p>\n","protected":false},"featured_media":41208,"template":"","meta":[],"product_cat":[94,147,73,64,66],"product_tag":[],"class_list":{"0":"post-41207","1":"product","2":"type-product","3":"status-publish","4":"has-post-thumbnail","6":"product_cat-chicago-bulls","7":"product_cat-majestic","8":"product_cat-puloverek","9":"product_cat-vintage","10":"product_cat-x-large","12":"first","13":"outofstock","14":"taxable","15":"shipping-taxable","16":"purchasable","17":"product-type-simple"},"_links":{"self":[{"href":"https:\/\/dev.throwusback.com\/en\/wp-json\/wp\/v2\/product\/41207","targetHints":{"allow":["GET"]}}],"collection":[{"href":"https:\/\/dev.throwusback.com\/en\/wp-json\/wp\/v2\/product"}],"about":[{"href":"https:\/\/dev.throwusback.com\/en\/wp-json\/wp\/v2\/types\/product"}],"wp:featuredmedia":[{"embeddable":true,"href":"https:\/\/dev.throwusback.com\/en\/wp-json\/wp\/v2\/media\/41208"}],"wp:attachment":[{"href":"https:\/\/dev.throwusback.com\/en\/wp-json\/wp\/v2\/media?parent=41207"}],"wp:term":[{"taxonomy":"product_cat","embeddable":true,"href":"https:\/\/dev.throwusback.com\/en\/wp-json\/wp\/v2\/product_cat?post=41207"},{"taxonomy":"product_tag","embeddable":true,"href":"https:\/\/dev.throwusback.com\/en\/wp-json\/wp\/v2\/product_tag?post=41207"}],"curies":[{"name":"wp","href":"https:\/\/api.w.org\/{rel}","templated":true}]}}