{"id":41434,"date":"2023-12-18T18:00:57","date_gmt":"2023-12-18T17:00:57","guid":{"rendered":"https:\/\/dev.throwusback.com\/?post_type=product&#038;p=41434"},"modified":"2024-08-24T08:24:54","modified_gmt":"2024-08-24T06:24:54","slug":"nascar-kyle-bush-mms-t-shirt-l-ylw","status":"publish","type":"product","link":"https:\/\/dev.throwusback.com\/en\/termek\/nascar-kyle-bush-mms-t-shirt-l-ylw\/","title":{"rendered":"Nascar Kyle Bush M&#038;M&#8221;s T Shirt L ylw"},"content":{"rendered":"","protected":false},"excerpt":{"rendered":"<p>9\/10 flawless used condition \u2013 9\/10 hib\u00e1tlan haszn\u00e1lt \u00e1llapotban<\/p>\n","protected":false},"featured_media":41435,"template":"","meta":[],"product_cat":[145,97,146,176,64],"product_tag":[],"class_list":{"0":"post-41434","1":"product","2":"type-product","3":"status-publish","4":"has-post-thumbnail","6":"product_cat-fanatics","7":"product_cat-large","8":"product_cat-polok","9":"product_cat-racing","10":"product_cat-vintage","12":"first","13":"outofstock","14":"taxable","15":"shipping-taxable","16":"purchasable","17":"product-type-simple"},"_links":{"self":[{"href":"https:\/\/dev.throwusback.com\/en\/wp-json\/wp\/v2\/product\/41434","targetHints":{"allow":["GET"]}}],"collection":[{"href":"https:\/\/dev.throwusback.com\/en\/wp-json\/wp\/v2\/product"}],"about":[{"href":"https:\/\/dev.throwusback.com\/en\/wp-json\/wp\/v2\/types\/product"}],"wp:featuredmedia":[{"embeddable":true,"href":"https:\/\/dev.throwusback.com\/en\/wp-json\/wp\/v2\/media\/41435"}],"wp:attachment":[{"href":"https:\/\/dev.throwusback.com\/en\/wp-json\/wp\/v2\/media?parent=41434"}],"wp:term":[{"taxonomy":"product_cat","embeddable":true,"href":"https:\/\/dev.throwusback.com\/en\/wp-json\/wp\/v2\/product_cat?post=41434"},{"taxonomy":"product_tag","embeddable":true,"href":"https:\/\/dev.throwusback.com\/en\/wp-json\/wp\/v2\/product_tag?post=41434"}],"curies":[{"name":"wp","href":"https:\/\/api.w.org\/{rel}","templated":true}]}}