{"id":41512,"date":"2024-01-08T00:12:22","date_gmt":"2024-01-07T23:12:22","guid":{"rendered":"https:\/\/dev.throwusback.com\/?post_type=product&#038;p=41512"},"modified":"2024-08-24T08:24:57","modified_gmt":"2024-08-24T06:24:57","slug":"soccer-world-cup-usa-1994-vintage-deadstock-twins-snapback","status":"publish","type":"product","link":"https:\/\/dev.throwusback.com\/en\/termek\/soccer-world-cup-usa-1994-vintage-deadstock-twins-snapback\/","title":{"rendered":"Soccer World Cup USA 1994 Vintage Deadstock Twins Snapback"},"content":{"rendered":"","protected":false},"excerpt":{"rendered":"<p>new with tags &#8211; \u00faj, cimk\u00e9s term\u00e9k<\/p>\n","protected":false},"featured_media":41513,"template":"","meta":[],"product_cat":[125,92,172,64],"product_tag":[],"class_list":{"0":"post-41512","1":"product","2":"type-product","3":"status-publish","4":"has-post-thumbnail","6":"product_cat-47-brand","7":"product_cat-sapkak","8":"product_cat-soccer","9":"product_cat-vintage","11":"first","12":"instock","13":"taxable","14":"shipping-taxable","15":"purchasable","16":"product-type-simple"},"_links":{"self":[{"href":"https:\/\/dev.throwusback.com\/en\/wp-json\/wp\/v2\/product\/41512","targetHints":{"allow":["GET"]}}],"collection":[{"href":"https:\/\/dev.throwusback.com\/en\/wp-json\/wp\/v2\/product"}],"about":[{"href":"https:\/\/dev.throwusback.com\/en\/wp-json\/wp\/v2\/types\/product"}],"wp:featuredmedia":[{"embeddable":true,"href":"https:\/\/dev.throwusback.com\/en\/wp-json\/wp\/v2\/media\/41513"}],"wp:attachment":[{"href":"https:\/\/dev.throwusback.com\/en\/wp-json\/wp\/v2\/media?parent=41512"}],"wp:term":[{"taxonomy":"product_cat","embeddable":true,"href":"https:\/\/dev.throwusback.com\/en\/wp-json\/wp\/v2\/product_cat?post=41512"},{"taxonomy":"product_tag","embeddable":true,"href":"https:\/\/dev.throwusback.com\/en\/wp-json\/wp\/v2\/product_tag?post=41512"}],"curies":[{"name":"wp","href":"https:\/\/api.w.org\/{rel}","templated":true}]}}