{"id":42451,"date":"2024-03-06T17:35:36","date_gmt":"2024-03-06T16:35:36","guid":{"rendered":"https:\/\/dev.throwusback.com\/?post_type=product&#038;p=42451"},"modified":"2024-08-24T08:25:36","modified_gmt":"2024-08-24T06:25:36","slug":"nba-all-star-93-mitchell-ness-name-nba-t-shirt","status":"publish","type":"product","link":"https:\/\/dev.throwusback.com\/en\/termek\/nba-all-star-93-mitchell-ness-name-nba-t-shirt\/","title":{"rendered":"NBA All Star &#8217;93 MITCHELL &#038; NESS T SHIRT L"},"content":{"rendered":"","protected":false},"excerpt":{"rendered":"<div>\n<div class=\"product-desc\">\n<p>8\/10 good used condition \u2013 8\/10 j\u00f3 haszn\u00e1lt \u00e1llapotban<\/p>\n<\/div>\n<div class=\"actions\">\n<p class=\"add_to_cart_inline\">\n<\/div>\n<\/div>\n","protected":false},"featured_media":42452,"template":"","meta":[],"product_cat":[97,68,61,146],"product_tag":[],"class_list":{"0":"post-42451","1":"product","2":"type-product","3":"status-publish","4":"has-post-thumbnail","6":"product_cat-large","7":"product_cat-mitchell-ness","8":"product_cat-nba","9":"product_cat-polok","11":"first","12":"outofstock","13":"taxable","14":"shipping-taxable","15":"purchasable","16":"product-type-simple"},"_links":{"self":[{"href":"https:\/\/dev.throwusback.com\/en\/wp-json\/wp\/v2\/product\/42451","targetHints":{"allow":["GET"]}}],"collection":[{"href":"https:\/\/dev.throwusback.com\/en\/wp-json\/wp\/v2\/product"}],"about":[{"href":"https:\/\/dev.throwusback.com\/en\/wp-json\/wp\/v2\/types\/product"}],"wp:featuredmedia":[{"embeddable":true,"href":"https:\/\/dev.throwusback.com\/en\/wp-json\/wp\/v2\/media\/42452"}],"wp:attachment":[{"href":"https:\/\/dev.throwusback.com\/en\/wp-json\/wp\/v2\/media?parent=42451"}],"wp:term":[{"taxonomy":"product_cat","embeddable":true,"href":"https:\/\/dev.throwusback.com\/en\/wp-json\/wp\/v2\/product_cat?post=42451"},{"taxonomy":"product_tag","embeddable":true,"href":"https:\/\/dev.throwusback.com\/en\/wp-json\/wp\/v2\/product_tag?post=42451"}],"curies":[{"name":"wp","href":"https:\/\/api.w.org\/{rel}","templated":true}]}}