{"id":42902,"date":"2024-04-08T17:00:03","date_gmt":"2024-04-08T15:00:03","guid":{"rendered":"https:\/\/dev.throwusback.com\/?post_type=product&#038;p=42902"},"modified":"2024-08-24T08:25:47","modified_gmt":"2024-08-24T06:25:47","slug":"kansas-city-chiefs-super-bowl-liv-champions-nfl-t-shirt-xl","status":"publish","type":"product","link":"https:\/\/dev.throwusback.com\/en\/termek\/kansas-city-chiefs-super-bowl-liv-champions-nfl-t-shirt-xl\/","title":{"rendered":"Kansas City Chiefs Super Bowl LIV Champions NFL T shirt XL"},"content":{"rendered":"","protected":false},"excerpt":{"rendered":"<div class=\"product-desc\">\n<p>9\/10 flawless used condition \u2013 9\/10 hib\u00e1tlan haszn\u00e1lt \u00e1llapotban<\/p>\n<\/div>\n<div class=\"actions\">\n<p class=\"add_to_cart_inline\">\n<\/div>\n","protected":false},"featured_media":42903,"template":"","meta":[],"product_cat":[88,146,66],"product_tag":[142],"class_list":{"0":"post-42902","1":"product","2":"type-product","3":"status-publish","4":"has-post-thumbnail","6":"product_cat-nfl","7":"product_cat-polok","8":"product_cat-x-large","9":"product_tag-rumbach","11":"first","12":"instock","13":"taxable","14":"shipping-taxable","15":"purchasable","16":"product-type-simple"},"_links":{"self":[{"href":"https:\/\/dev.throwusback.com\/en\/wp-json\/wp\/v2\/product\/42902","targetHints":{"allow":["GET"]}}],"collection":[{"href":"https:\/\/dev.throwusback.com\/en\/wp-json\/wp\/v2\/product"}],"about":[{"href":"https:\/\/dev.throwusback.com\/en\/wp-json\/wp\/v2\/types\/product"}],"wp:featuredmedia":[{"embeddable":true,"href":"https:\/\/dev.throwusback.com\/en\/wp-json\/wp\/v2\/media\/42903"}],"wp:attachment":[{"href":"https:\/\/dev.throwusback.com\/en\/wp-json\/wp\/v2\/media?parent=42902"}],"wp:term":[{"taxonomy":"product_cat","embeddable":true,"href":"https:\/\/dev.throwusback.com\/en\/wp-json\/wp\/v2\/product_cat?post=42902"},{"taxonomy":"product_tag","embeddable":true,"href":"https:\/\/dev.throwusback.com\/en\/wp-json\/wp\/v2\/product_tag?post=42902"}],"curies":[{"name":"wp","href":"https:\/\/api.w.org\/{rel}","templated":true}]}}