{"id":43046,"date":"2024-04-15T17:23:45","date_gmt":"2024-04-15T15:23:45","guid":{"rendered":"https:\/\/dev.throwusback.com\/?post_type=product&#038;p=43046"},"modified":"2024-08-24T08:25:53","modified_gmt":"2024-08-24T06:25:53","slug":"miami-heat-2006-finals-mitchell-ness-nba-snapback-blk","status":"publish","type":"product","link":"https:\/\/dev.throwusback.com\/en\/termek\/miami-heat-2006-finals-mitchell-ness-nba-snapback-blk\/","title":{"rendered":"Miami Heat 2006 Finals Mitchell &#038; Ness NBA Snapback blk"},"content":{"rendered":"","protected":false},"excerpt":{"rendered":"<div>\n<div>\n<p>new with tags \u2013 \u00faj, cimk\u00e9s term\u00e9k<\/p>\n<\/div>\n<\/div>\n","protected":false},"featured_media":43047,"template":"","meta":[],"product_cat":[117,68,61,92],"product_tag":[],"class_list":{"0":"post-43046","1":"product","2":"type-product","3":"status-publish","4":"has-post-thumbnail","6":"product_cat-miami-heat","7":"product_cat-mitchell-ness","8":"product_cat-nba","9":"product_cat-sapkak","11":"first","12":"outofstock","13":"taxable","14":"shipping-taxable","15":"purchasable","16":"product-type-simple"},"_links":{"self":[{"href":"https:\/\/dev.throwusback.com\/en\/wp-json\/wp\/v2\/product\/43046","targetHints":{"allow":["GET"]}}],"collection":[{"href":"https:\/\/dev.throwusback.com\/en\/wp-json\/wp\/v2\/product"}],"about":[{"href":"https:\/\/dev.throwusback.com\/en\/wp-json\/wp\/v2\/types\/product"}],"wp:featuredmedia":[{"embeddable":true,"href":"https:\/\/dev.throwusback.com\/en\/wp-json\/wp\/v2\/media\/43047"}],"wp:attachment":[{"href":"https:\/\/dev.throwusback.com\/en\/wp-json\/wp\/v2\/media?parent=43046"}],"wp:term":[{"taxonomy":"product_cat","embeddable":true,"href":"https:\/\/dev.throwusback.com\/en\/wp-json\/wp\/v2\/product_cat?post=43046"},{"taxonomy":"product_tag","embeddable":true,"href":"https:\/\/dev.throwusback.com\/en\/wp-json\/wp\/v2\/product_tag?post=43046"}],"curies":[{"name":"wp","href":"https:\/\/api.w.org\/{rel}","templated":true}]}}