{"id":43054,"date":"2024-04-15T17:44:38","date_gmt":"2024-04-15T15:44:38","guid":{"rendered":"https:\/\/dev.throwusback.com\/?post_type=product&#038;p=43054"},"modified":"2024-08-24T08:25:55","modified_gmt":"2024-08-24T06:25:55","slug":"charlotte-hornets-mitchell-ness-nba-snapback-teal","status":"publish","type":"product","link":"https:\/\/dev.throwusback.com\/en\/termek\/charlotte-hornets-mitchell-ness-nba-snapback-teal\/","title":{"rendered":"Charlotte Hornets Mitchell &#038; Ness NBA Snapback teal"},"content":{"rendered":"","protected":false},"excerpt":{"rendered":"<div>\n<div>\n<p>new with tags \u2013 \u00faj, cimk\u00e9s term\u00e9k<\/p>\n<\/div>\n<\/div>\n","protected":false},"featured_media":43055,"template":"","meta":[],"product_cat":[127,68,61,92],"product_tag":[],"class_list":{"0":"post-43054","1":"product","2":"type-product","3":"status-publish","4":"has-post-thumbnail","6":"product_cat-charlotte-hornets","7":"product_cat-mitchell-ness","8":"product_cat-nba","9":"product_cat-sapkak","11":"first","12":"instock","13":"taxable","14":"shipping-taxable","15":"purchasable","16":"product-type-simple"},"_links":{"self":[{"href":"https:\/\/dev.throwusback.com\/en\/wp-json\/wp\/v2\/product\/43054","targetHints":{"allow":["GET"]}}],"collection":[{"href":"https:\/\/dev.throwusback.com\/en\/wp-json\/wp\/v2\/product"}],"about":[{"href":"https:\/\/dev.throwusback.com\/en\/wp-json\/wp\/v2\/types\/product"}],"wp:featuredmedia":[{"embeddable":true,"href":"https:\/\/dev.throwusback.com\/en\/wp-json\/wp\/v2\/media\/43055"}],"wp:attachment":[{"href":"https:\/\/dev.throwusback.com\/en\/wp-json\/wp\/v2\/media?parent=43054"}],"wp:term":[{"taxonomy":"product_cat","embeddable":true,"href":"https:\/\/dev.throwusback.com\/en\/wp-json\/wp\/v2\/product_cat?post=43054"},{"taxonomy":"product_tag","embeddable":true,"href":"https:\/\/dev.throwusback.com\/en\/wp-json\/wp\/v2\/product_tag?post=43054"}],"curies":[{"name":"wp","href":"https:\/\/api.w.org\/{rel}","templated":true}]}}