{"id":43064,"date":"2024-04-22T17:00:38","date_gmt":"2024-04-22T15:00:38","guid":{"rendered":"https:\/\/dev.throwusback.com\/?post_type=product&#038;p=43064"},"modified":"2024-08-24T08:25:55","modified_gmt":"2024-08-24T06:25:55","slug":"new-jersey-nets-vintage-starter-nba-hoodie-m-blue","status":"publish","type":"product","link":"https:\/\/dev.throwusback.com\/en\/termek\/new-jersey-nets-vintage-starter-nba-hoodie-m-blue\/","title":{"rendered":"New Jersey Nets Vintage Starter NBA Hoodie M blue"},"content":{"rendered":"","protected":false},"excerpt":{"rendered":"<div class=\"product-desc\">\n<div class=\"product-desc\">\n<p>9\/10 flawless used condition \u2013 9\/10 hib\u00e1tlan haszn\u00e1lt \u00e1llapotban<\/p>\n<\/div>\n<div class=\"actions\">\n<p class=\"add_to_cart_inline\">\n<\/div>\n<\/div>\n<div class=\"actions\">\n<p class=\"add_to_cart_inline\">\n<\/div>\n","protected":false},"featured_media":43065,"template":"","meta":[],"product_cat":[110,102,61,73,126,64],"product_tag":[142],"class_list":{"0":"post-43064","1":"product","2":"type-product","3":"status-publish","4":"has-post-thumbnail","6":"product_cat-brooklyn-nets","7":"product_cat-medium","8":"product_cat-nba","9":"product_cat-puloverek","10":"product_cat-starter","11":"product_cat-vintage","12":"product_tag-rumbach","14":"first","15":"instock","16":"taxable","17":"shipping-taxable","18":"purchasable","19":"product-type-simple"},"_links":{"self":[{"href":"https:\/\/dev.throwusback.com\/en\/wp-json\/wp\/v2\/product\/43064","targetHints":{"allow":["GET"]}}],"collection":[{"href":"https:\/\/dev.throwusback.com\/en\/wp-json\/wp\/v2\/product"}],"about":[{"href":"https:\/\/dev.throwusback.com\/en\/wp-json\/wp\/v2\/types\/product"}],"wp:featuredmedia":[{"embeddable":true,"href":"https:\/\/dev.throwusback.com\/en\/wp-json\/wp\/v2\/media\/43065"}],"wp:attachment":[{"href":"https:\/\/dev.throwusback.com\/en\/wp-json\/wp\/v2\/media?parent=43064"}],"wp:term":[{"taxonomy":"product_cat","embeddable":true,"href":"https:\/\/dev.throwusback.com\/en\/wp-json\/wp\/v2\/product_cat?post=43064"},{"taxonomy":"product_tag","embeddable":true,"href":"https:\/\/dev.throwusback.com\/en\/wp-json\/wp\/v2\/product_tag?post=43064"}],"curies":[{"name":"wp","href":"https:\/\/api.w.org\/{rel}","templated":true}]}}