{"id":43360,"date":"2024-05-02T17:00:04","date_gmt":"2024-05-02T15:00:04","guid":{"rendered":"https:\/\/dev.throwusback.com\/?post_type=product&#038;p=43360"},"modified":"2024-08-24T08:26:06","modified_gmt":"2024-08-24T06:26:06","slug":"down-band-tee","status":"publish","type":"product","link":"https:\/\/dev.throwusback.com\/en\/termek\/down-band-tee\/","title":{"rendered":"Down Band Tee L"},"content":{"rendered":"","protected":false},"excerpt":{"rendered":"<p>9\/10 flawless used condition \u2013 9\/10 hib\u00e1tlan haszn\u00e1lt \u00e1llapotban<\/p>\n","protected":false},"featured_media":43361,"template":"","meta":[],"product_cat":[97,146,64],"product_tag":[142],"class_list":{"0":"post-43360","1":"product","2":"type-product","3":"status-publish","4":"has-post-thumbnail","6":"product_cat-large","7":"product_cat-polok","8":"product_cat-vintage","9":"product_tag-rumbach","11":"first","12":"instock","13":"taxable","14":"shipping-taxable","15":"purchasable","16":"product-type-simple"},"_links":{"self":[{"href":"https:\/\/dev.throwusback.com\/en\/wp-json\/wp\/v2\/product\/43360","targetHints":{"allow":["GET"]}}],"collection":[{"href":"https:\/\/dev.throwusback.com\/en\/wp-json\/wp\/v2\/product"}],"about":[{"href":"https:\/\/dev.throwusback.com\/en\/wp-json\/wp\/v2\/types\/product"}],"wp:featuredmedia":[{"embeddable":true,"href":"https:\/\/dev.throwusback.com\/en\/wp-json\/wp\/v2\/media\/43361"}],"wp:attachment":[{"href":"https:\/\/dev.throwusback.com\/en\/wp-json\/wp\/v2\/media?parent=43360"}],"wp:term":[{"taxonomy":"product_cat","embeddable":true,"href":"https:\/\/dev.throwusback.com\/en\/wp-json\/wp\/v2\/product_cat?post=43360"},{"taxonomy":"product_tag","embeddable":true,"href":"https:\/\/dev.throwusback.com\/en\/wp-json\/wp\/v2\/product_tag?post=43360"}],"curies":[{"name":"wp","href":"https:\/\/api.w.org\/{rel}","templated":true}]}}