{"id":43365,"date":"2024-05-02T17:00:40","date_gmt":"2024-05-02T15:00:40","guid":{"rendered":"https:\/\/dev.throwusback.com\/?post_type=product&#038;p=43365"},"modified":"2024-08-24T08:26:07","modified_gmt":"2024-08-24T06:26:07","slug":"eminem-slim-shady-band-tee-xl","status":"publish","type":"product","link":"https:\/\/dev.throwusback.com\/en\/termek\/eminem-slim-shady-band-tee-xl\/","title":{"rendered":"Eminem Slim Shady Band Tee XL"},"content":{"rendered":"","protected":false},"excerpt":{"rendered":"<p>9\/10 flawless used condition \u2013 9\/10 hib\u00e1tlan haszn\u00e1lt \u00e1llapotban<\/p>\n","protected":false},"featured_media":43366,"template":"","meta":[],"product_cat":[146,64,66],"product_tag":[142],"class_list":{"0":"post-43365","1":"product","2":"type-product","3":"status-publish","4":"has-post-thumbnail","6":"product_cat-polok","7":"product_cat-vintage","8":"product_cat-x-large","9":"product_tag-rumbach","11":"first","12":"outofstock","13":"taxable","14":"shipping-taxable","15":"purchasable","16":"product-type-simple"},"_links":{"self":[{"href":"https:\/\/dev.throwusback.com\/en\/wp-json\/wp\/v2\/product\/43365","targetHints":{"allow":["GET"]}}],"collection":[{"href":"https:\/\/dev.throwusback.com\/en\/wp-json\/wp\/v2\/product"}],"about":[{"href":"https:\/\/dev.throwusback.com\/en\/wp-json\/wp\/v2\/types\/product"}],"wp:featuredmedia":[{"embeddable":true,"href":"https:\/\/dev.throwusback.com\/en\/wp-json\/wp\/v2\/media\/43366"}],"wp:attachment":[{"href":"https:\/\/dev.throwusback.com\/en\/wp-json\/wp\/v2\/media?parent=43365"}],"wp:term":[{"taxonomy":"product_cat","embeddable":true,"href":"https:\/\/dev.throwusback.com\/en\/wp-json\/wp\/v2\/product_cat?post=43365"},{"taxonomy":"product_tag","embeddable":true,"href":"https:\/\/dev.throwusback.com\/en\/wp-json\/wp\/v2\/product_tag?post=43365"}],"curies":[{"name":"wp","href":"https:\/\/api.w.org\/{rel}","templated":true}]}}