{"id":43372,"date":"2024-05-02T17:00:05","date_gmt":"2024-05-02T15:00:05","guid":{"rendered":"https:\/\/dev.throwusback.com\/?post_type=product&#038;p=43372"},"modified":"2024-08-24T08:26:09","modified_gmt":"2024-08-24T06:26:09","slug":"meshuggah-immutable-band-tee","status":"publish","type":"product","link":"https:\/\/dev.throwusback.com\/en\/termek\/meshuggah-immutable-band-tee\/","title":{"rendered":"Meshuggah Immutable Band Tee L"},"content":{"rendered":"","protected":false},"excerpt":{"rendered":"<div class=\"product-desc\">\n<div class=\"product-desc\">\n<div class=\"product-desc\">\n<div class=\"product-desc\">\n<p>8\/10 good used condition \u2013 8\/10 j\u00f3 haszn\u00e1lt \u00e1llapotban<\/p>\n<\/div>\n<div class=\"actions\">\n<p class=\"add_to_cart_inline\">\n<\/div>\n<\/div>\n<div class=\"actions\">\n<p class=\"add_to_cart_inline\">\n<\/div>\n<\/div>\n<\/div>\n","protected":false},"featured_media":43373,"template":"","meta":[],"product_cat":[97,146,64],"product_tag":[142],"class_list":{"0":"post-43372","1":"product","2":"type-product","3":"status-publish","4":"has-post-thumbnail","6":"product_cat-large","7":"product_cat-polok","8":"product_cat-vintage","9":"product_tag-rumbach","11":"first","12":"instock","13":"taxable","14":"shipping-taxable","15":"purchasable","16":"product-type-simple"},"_links":{"self":[{"href":"https:\/\/dev.throwusback.com\/en\/wp-json\/wp\/v2\/product\/43372","targetHints":{"allow":["GET"]}}],"collection":[{"href":"https:\/\/dev.throwusback.com\/en\/wp-json\/wp\/v2\/product"}],"about":[{"href":"https:\/\/dev.throwusback.com\/en\/wp-json\/wp\/v2\/types\/product"}],"wp:featuredmedia":[{"embeddable":true,"href":"https:\/\/dev.throwusback.com\/en\/wp-json\/wp\/v2\/media\/43373"}],"wp:attachment":[{"href":"https:\/\/dev.throwusback.com\/en\/wp-json\/wp\/v2\/media?parent=43372"}],"wp:term":[{"taxonomy":"product_cat","embeddable":true,"href":"https:\/\/dev.throwusback.com\/en\/wp-json\/wp\/v2\/product_cat?post=43372"},{"taxonomy":"product_tag","embeddable":true,"href":"https:\/\/dev.throwusback.com\/en\/wp-json\/wp\/v2\/product_tag?post=43372"}],"curies":[{"name":"wp","href":"https:\/\/api.w.org\/{rel}","templated":true}]}}