{"id":43767,"date":"2024-06-03T17:00:08","date_gmt":"2024-06-03T15:00:08","guid":{"rendered":"https:\/\/dev.throwusback.com\/?post_type=product&#038;p=43767"},"modified":"2024-08-24T08:26:32","modified_gmt":"2024-08-24T06:26:32","slug":"arkansas-razorbacks-vintage-team-apparel-ncaa-snapback-red","status":"publish","type":"product","link":"https:\/\/dev.throwusback.com\/en\/termek\/arkansas-razorbacks-vintage-team-apparel-ncaa-snapback-red\/","title":{"rendered":"Arkansas Razorbacks Vintage Team Apparel NCAA Snapback red"},"content":{"rendered":"","protected":false},"excerpt":{"rendered":"<p>8\/10 good used condition \u2013 8\/10 j\u00f3 haszn\u00e1lt \u00e1llapotban<\/p>\n","protected":false},"featured_media":43768,"template":"","meta":[],"product_cat":[93,92,64],"product_tag":[142],"class_list":{"0":"post-43767","1":"product","2":"type-product","3":"status-publish","4":"has-post-thumbnail","6":"product_cat-ncaa","7":"product_cat-sapkak","8":"product_cat-vintage","9":"product_tag-rumbach","11":"first","12":"outofstock","13":"taxable","14":"shipping-taxable","15":"purchasable","16":"product-type-simple"},"_links":{"self":[{"href":"https:\/\/dev.throwusback.com\/en\/wp-json\/wp\/v2\/product\/43767","targetHints":{"allow":["GET"]}}],"collection":[{"href":"https:\/\/dev.throwusback.com\/en\/wp-json\/wp\/v2\/product"}],"about":[{"href":"https:\/\/dev.throwusback.com\/en\/wp-json\/wp\/v2\/types\/product"}],"wp:featuredmedia":[{"embeddable":true,"href":"https:\/\/dev.throwusback.com\/en\/wp-json\/wp\/v2\/media\/43768"}],"wp:attachment":[{"href":"https:\/\/dev.throwusback.com\/en\/wp-json\/wp\/v2\/media?parent=43767"}],"wp:term":[{"taxonomy":"product_cat","embeddable":true,"href":"https:\/\/dev.throwusback.com\/en\/wp-json\/wp\/v2\/product_cat?post=43767"},{"taxonomy":"product_tag","embeddable":true,"href":"https:\/\/dev.throwusback.com\/en\/wp-json\/wp\/v2\/product_tag?post=43767"}],"curies":[{"name":"wp","href":"https:\/\/api.w.org\/{rel}","templated":true}]}}