{"id":44094,"date":"2024-07-03T08:48:02","date_gmt":"2024-07-03T06:48:02","guid":{"rendered":"https:\/\/dev.throwusback.com\/?post_type=product&#038;p=44094"},"modified":"2024-08-24T08:27:01","modified_gmt":"2024-08-24T06:27:01","slug":"wisconsin-badgers-vintage-ncaa-crewneck-red","status":"publish","type":"product","link":"https:\/\/dev.throwusback.com\/en\/termek\/wisconsin-badgers-vintage-ncaa-crewneck-red\/","title":{"rendered":"Wisconsin Badgers Vintage NCAA Crewneck red"},"content":{"rendered":"","protected":false},"excerpt":{"rendered":"<div class=\"product-desc\">\n<div class=\"product-desc\">\n<div>\n<p>8\/10 good used condition \u2013 8\/10 j\u00f3 haszn\u00e1lt \u00e1llapotban<\/p>\n<\/div>\n<\/div>\n<div class=\"actions\">\n<p class=\"add_to_cart_inline\">\n<\/div>\n<\/div>\n<div class=\"actions\">\n<p class=\"add_to_cart_inline\">\n<\/div>\n","protected":false},"featured_media":44095,"template":"","meta":[],"product_cat":[93,73,64],"product_tag":[142],"class_list":{"0":"post-44094","1":"product","2":"type-product","3":"status-publish","4":"has-post-thumbnail","6":"product_cat-ncaa","7":"product_cat-puloverek","8":"product_cat-vintage","9":"product_tag-rumbach","11":"first","12":"instock","13":"taxable","14":"shipping-taxable","15":"purchasable","16":"product-type-simple"},"_links":{"self":[{"href":"https:\/\/dev.throwusback.com\/en\/wp-json\/wp\/v2\/product\/44094","targetHints":{"allow":["GET"]}}],"collection":[{"href":"https:\/\/dev.throwusback.com\/en\/wp-json\/wp\/v2\/product"}],"about":[{"href":"https:\/\/dev.throwusback.com\/en\/wp-json\/wp\/v2\/types\/product"}],"wp:featuredmedia":[{"embeddable":true,"href":"https:\/\/dev.throwusback.com\/en\/wp-json\/wp\/v2\/media\/44095"}],"wp:attachment":[{"href":"https:\/\/dev.throwusback.com\/en\/wp-json\/wp\/v2\/media?parent=44094"}],"wp:term":[{"taxonomy":"product_cat","embeddable":true,"href":"https:\/\/dev.throwusback.com\/en\/wp-json\/wp\/v2\/product_cat?post=44094"},{"taxonomy":"product_tag","embeddable":true,"href":"https:\/\/dev.throwusback.com\/en\/wp-json\/wp\/v2\/product_tag?post=44094"}],"curies":[{"name":"wp","href":"https:\/\/api.w.org\/{rel}","templated":true}]}}