{"id":44220,"date":"2024-07-08T17:00:48","date_gmt":"2024-07-08T15:00:48","guid":{"rendered":"https:\/\/dev.throwusback.com\/?post_type=product&#038;p=44220"},"modified":"2024-08-24T08:27:10","modified_gmt":"2024-08-24T06:27:10","slug":"michigan-wolverines-vintage-champion-ncaa-warm-up-shooting-shirt-m","status":"publish","type":"product","link":"https:\/\/dev.throwusback.com\/en\/termek\/michigan-wolverines-vintage-champion-ncaa-warm-up-shooting-shirt-m\/","title":{"rendered":"Michigan Wolverines Vintage Champion NCAA Warm Up Shooting Shirt M"},"content":{"rendered":"","protected":false},"excerpt":{"rendered":"<p>9\/10 flawless used condition \u2013 9\/10 hib\u00e1tlan haszn\u00e1lt \u00e1llapotban<\/p>\n","protected":false},"featured_media":44221,"template":"","meta":[],"product_cat":[60,102,93,146,64],"product_tag":[142],"class_list":{"0":"post-44220","1":"product","2":"type-product","3":"status-publish","4":"has-post-thumbnail","6":"product_cat-champion","7":"product_cat-medium","8":"product_cat-ncaa","9":"product_cat-polok","10":"product_cat-vintage","11":"product_tag-rumbach","13":"first","14":"outofstock","15":"taxable","16":"shipping-taxable","17":"purchasable","18":"product-type-simple"},"_links":{"self":[{"href":"https:\/\/dev.throwusback.com\/en\/wp-json\/wp\/v2\/product\/44220","targetHints":{"allow":["GET"]}}],"collection":[{"href":"https:\/\/dev.throwusback.com\/en\/wp-json\/wp\/v2\/product"}],"about":[{"href":"https:\/\/dev.throwusback.com\/en\/wp-json\/wp\/v2\/types\/product"}],"wp:featuredmedia":[{"embeddable":true,"href":"https:\/\/dev.throwusback.com\/en\/wp-json\/wp\/v2\/media\/44221"}],"wp:attachment":[{"href":"https:\/\/dev.throwusback.com\/en\/wp-json\/wp\/v2\/media?parent=44220"}],"wp:term":[{"taxonomy":"product_cat","embeddable":true,"href":"https:\/\/dev.throwusback.com\/en\/wp-json\/wp\/v2\/product_cat?post=44220"},{"taxonomy":"product_tag","embeddable":true,"href":"https:\/\/dev.throwusback.com\/en\/wp-json\/wp\/v2\/product_tag?post=44220"}],"curies":[{"name":"wp","href":"https:\/\/api.w.org\/{rel}","templated":true}]}}